{"id":6702,"date":"2024-02-09T15:51:35","date_gmt":"2024-02-09T14:51:35","guid":{"rendered":"https:\/\/www.optimo-logistics.com\/?page_id=6702\/"},"modified":"2024-02-09T15:51:40","modified_gmt":"2024-02-09T14:51:40","slug":"datenschutz","status":"publish","type":"page","link":"https:\/\/www.optimo-logistics.com\/en\/datenschutz\/","title":{"rendered":"Datenschutz"},"content":{"rendered":"<div class=\"fusion-fullwidth fullwidth-box fusion-builder-row-1 nonhundred-percent-fullwidth non-hundred-percent-height-scrolling\" style=\"--awb-border-radius-top-left:0px;--awb-border-radius-top-right:0px;--awb-border-radius-bottom-right:0px;--awb-border-radius-bottom-left:0px;--awb-padding-top:20px;--awb-padding-bottom:20px;--awb-background-color:#ffffff;--awb-flex-wrap:wrap;\" ><div class=\"fusion-builder-row fusion-row\"><div class=\"fusion-layout-column fusion_builder_column fusion-builder-column-0 fusion_builder_column_1_1 1_1 fusion-one-full fusion-column-first fusion-column-last\" style=\"--awb-bg-size:cover;--awb-margin-top:27px;--awb-margin-bottom:0px;\"><div class=\"fusion-column-wrapper fusion-flex-column-wrapper-legacy\"><div class=\"fusion-title title fusion-title-1 fusion-sep-none fusion-title-text fusion-title-size-one\"><h1 class=\"fusion-title-heading title-heading-left fusion-responsive-typography-calculated\" style=\"margin:0;--fontSize:36;line-height:1.2;\">Datenschutz<\/h1><\/div><div class=\"fusion-sep-clear\"><\/div><div class=\"fusion-separator fusion-full-width-sep\" style=\"margin-left: auto;margin-right: auto;margin-top:20px;width:100%;\"><\/div><div class=\"fusion-sep-clear\"><\/div><div class=\"fusion-clearfix\"><\/div><\/div><\/div><div class=\"fusion-layout-column fusion_builder_column fusion-builder-column-1 fusion_builder_column_1_1 1_1 fusion-one-full fusion-column-first fusion-column-last\" style=\"--awb-bg-size:cover;\"><div class=\"fusion-column-wrapper fusion-flex-column-wrapper-legacy\"><div class=\"fusion-text fusion-text-1\"><p><strong>1. Allgemeine Hinweise<\/strong><br \/>\nIhre Daten sind f\u00fcr uns Vertrauenssache. Es ist selbstverst\u00e4ndlich, dass wir nur Personendaten erheben, die zur Erf\u00fcllung ihrer Aufgaben unbedingt erforderlich sind (Datensparsamkeit). Gespeicherte Daten werden sorgf\u00e4ltig verwaltet und vor Missbr\u00e4uchen jeder Art gesch\u00fctzt. Die vorliegende Datenschutzerkl\u00e4rung kl\u00e4rt \u00fcber die Art und den Zweck der Bearbeitung von Personendaten durch uns auf. Zu den Personendaten geh\u00f6ren wie Name, Kontaktdaten, Geburtsdatum einer Person, auch weitere Angaben, die einer Person zugeordnet werden k\u00f6nnen.<\/p>\n<p><strong>2. Was passiert mit ihren Daten<\/strong><br \/>\n<strong>a) Aufbewahrung und L\u00f6schung<\/strong><br \/>\nDie Bearbeitung von Personendaten beschr\u00e4nkt sich auf jene Daten, die zur Bereitstellung einer funktionsf\u00e4higen Internetseite sowie nutzerfreundlicher Inhalte und Leistungen erforderlich sind oder auf die Daten, die Sie uns aktiv bereitgestellt haben. Die von uns erhobenen Personendaten werden nur so lange aufbewahrt, wie es f\u00fcr die Erf\u00fcllung des jeweiligen Zwecks notwendig ist. Gesetzliche Vorgaben oder weitere Pflichten k\u00f6nnen zu einer l\u00e4ngeren Aufbewahrung f\u00fchren.<\/p>\n<p><strong>b) Speicherung beim Ausf\u00fcllen eines Formulars<\/strong><br \/>\nWenn Sie ein Formular auf unserer Webseite ausf\u00fcllen (z.B. ein Kontaktformular), bearbeiten wir die Daten, die Sie uns bereitstellen, soweit dies f\u00fcr die Erf\u00fcllung des Bearbeitungszwecks bzw. Erledigung des Auftrags erforderlich ist. In der Regel sind einige Angaben freiwillig. Pflichtfelder werden nur als solche gekennzeichnet, sofern diese Angaben erforderlich sind f\u00fcr die Erf\u00fcllung unserer gesetzlichen Aufgabe oder Ihres Anliegens. Diese Daten werden sp\u00e4testens gel\u00f6scht, wenn die gesetzliche Aufbewahrungsfrist abgelaufen ist.<\/p>\n<p><strong>3. Einsatz von Cookies und Google Fonts<\/strong><br \/>\n<strong>a) Was sind Cookies<\/strong><br \/>\nAuf der Webseite werden Cookies verwendet, um den Besuch der Website attraktiver zu machen und die Nutzung bestimmter Funktionen zu erm\u00f6glichen. Hierbei handelt es sich um kleine Textdateien, die auf Ihrem Computer abgelegt werden. Die meisten der verwendeten Cookies werden nach Ende der Browser-Sitzung wieder von Ihrer Festplatte gel\u00f6scht (sog. Sitzungs- oder Session-Cookies). Andere Cookies verbleiben auf Ihrem Computer und erm\u00f6glichen, Sie bei Ihrem n\u00e4chsten Besuch wieder zu erkennen (sog. dauerhafte Cookies).<\/p>\n<p><strong>b) Arten von Cookies:<\/strong><br \/>\n\u2022 Notwendige Cookies: Notwendige Cookies sind erforderlich, damit eine Webseite und ihre Funktionen verwendet werden k\u00f6nnen. Diese Cookies stellen z.B. sicher, dass Sie zwischen den Seiten wechseln k\u00f6nnen, ohne dass die in einem Formular eingegebenen Angaben verloren gehen.<br \/>\n\u2022 Funktionale Cookies: Funktionale Cookies erm\u00f6glichen es uns, erweiterte Funktionalit\u00e4ten bereitzustellen und Ihnen personalisierte Inhalte anzuzeigen. Diese Cookies erlauben es uns z.B. bereits get\u00e4tigte Angaben (z.B. Sprachauswahl) zu speichern<\/p>\n<p><strong>c) Cookies deaktivieren<\/strong><br \/>\nSie k\u00f6nnen die Speicherung von Cookies in Ihrem Browser verhindern, indem Sie die Speicherung und das Lesen von Cookies einschr\u00e4nken oder ausschalten. Bitte beachten Sie, dass Sie gewisse Funktionen der Website ohne Cookies nicht nutzen k\u00f6nnen.<\/p>\n<p><strong>d) Google Fonts<\/strong><br \/>\nWir verwenden Google Fonts auf unserer Webseite. Die Verwendung von Google Fonts erfolgt ab unserem Webserver und somit findet kein Datentransfer ins Ausland zum Anbieter statt.<\/p>\n<p><strong>4. Betrieb<\/strong><br \/>\nDie Webserver f\u00fcr den Betrieb der Internetseiten werden technisch grunds\u00e4tzlich durch den Webseiten Hoster in der Schweiz betreut. Einzelne Dienste k\u00f6nnen auch durch externe Partner betrieben werden. Es gelten dabei die gleichen Datenschutzvorgaben wie bei intern betriebenen Anwendungen.<\/p>\n<p><strong>5. Datensicherheit<\/strong><br \/>\nWebseite: Wir verwenden innerhalb des Webseite-Besuchs eine verschl\u00fcsselte Datenkommunikation auf Basis von TLS in Verbindung mit der jeweils h\u00f6chsten Verschl\u00fcsselungsstufe, die von Ihrem Browser unterst\u00fctzt wird. Ob eine einzelne Seite des Internetauftrittes verschl\u00fcsselt \u00fcbertragen wird, erkennen Sie an der geschlossenen Darstellung des Schl\u00fcssel- beziehungsweise Schloss-Symbols in der Adressleiste Ihres Browsers.<\/p>\n<p>Allgemeine Datenverarbeitung: Dar\u00fcber hinaus wenden wir bei der Datenverarbeitung geeignete technische und organisatorische Sicherheitsmassnahmen an, um Ihre Daten gegen zuf\u00e4llige oder vors\u00e4tzliche Manipulationen, teilweisen oder vollst\u00e4ndigen Verlust, Zerst\u00f6rung oder gegen den unbefugten Zugriff Dritter zu sch\u00fctzen. Die Sicherheitsmassnahmen entsprechen dem aktuellen Stand der Technik.<\/p>\n<p><strong>6. Bearbeitung f\u00fcr Marketing und Newsletter<\/strong><br \/>\nSoweit gesetzlich erlaubt und Sie der Nutzung Ihrer Daten f\u00fcr diese Zwecke nicht widersprochen haben, k\u00f6nnen wir Ihre Daten f\u00fcr Werbung und Marketing verwenden. Wenn Sie der Nutzung f\u00fcr Marketing und Werbung widersprechen, setzen wir Sie auf eine Sperrliste gegen weitere Marketingkommunikation.<\/p>\n<p>Wir bauen situativ in unseren Newslettern und sonstigen Marketing-E-Mails teilweise und soweit erlaubt auch sicht- und unsichtbare Bildelemente ein, mit deren Hilfe wir feststellen k\u00f6nnen, ob und wann das E-Mail ge\u00f6ffnet wurde, damit wir hier messen und besser verstehen k\u00f6nnen, wie unsere Angebote genutzt werden und verbessert werden k\u00f6nnen.<\/p>\n<p><strong>7. \u00c4nderung der Datenschutzerkl\u00e4rung<\/strong><br \/>\nDie Optimo Service AG beh\u00e4lt sich das Recht vor, diese Datenschutzerkl\u00e4rung jederzeit und ohne Angabe von Gr\u00fcnden anzupassen, zu erg\u00e4nzen oder in sonstiger Weise zu \u00e4ndern. Es gilt die jeweils aktuelle Personendatenschutzerkl\u00e4rung gem\u00e4ss Ver\u00f6ffentlichung auf dieser Website.<\/p>\n<p><strong>8. Ihre Rechte<\/strong><br \/>\nSie haben jederzeit das Recht ein Auskunftsbegehren gem\u00e4ss dem aktuell g\u00fcltigen Datenschutzgesetzt schriftlich einzureichen. Wenden Sie sich dazu an die weiter unten genannte Stelle. Weitere Rechte wie das Recht auf Datenl\u00f6schung, Datenberichtigung, Einschr\u00e4nkung der Datenverarbeitung und das Recht auf Daten\u00fcbertragung bestehen im gesetzlich vorgeschriebenen Rahmen.<\/p>\n<p><strong>9. Name und Kontaktdaten des Verantwortlichen<\/strong><br \/>\nHaben Sie Fragen zur Datenverarbeitung oder sollten Sie der Auffassung sein, dass eine Verarbeitung Ihrer personenbezogenen Daten ihre Rechte verletzt, wenden Sie sich bitte schriftlich an die zust\u00e4ndige Person.<\/p>\n<p><strong>Anbei die Kontaktm\u00f6glichkeiten:<\/strong><br \/>\nOptimo Group<br \/>\nOptimo Service AG<br \/>\nFranz-Burckhardt-Strasse 11<br \/>\n8404 Winterthur<br \/>\nOder per Mail an <a href=\"mailto:datenschutz@optimo-group.ch\">datenschutz@optimo-group.ch<\/a><\/p>\n<\/div><div class=\"fusion-clearfix\"><\/div><\/div><\/div><\/div><\/div>\n","protected":false},"excerpt":{"rendered":"","protected":false},"author":14,"featured_media":0,"parent":0,"menu_order":37,"comment_status":"closed","ping_status":"closed","template":"100-width.php","meta":{"ngg_post_thumbnail":0,"footnotes":""},"class_list":["post-6702","page","type-page","status-publish","hentry"],"yoast_head":"<!-- This site is optimized with the Yoast SEO plugin v27.5 - https:\/\/yoast.com\/product\/yoast-seo-wordpress\/ -->\n<title>Impressum - Optimo Logistics<\/title>\n<meta name=\"robots\" content=\"index, follow, max-snippet:-1, max-image-preview:large, max-video-preview:-1\" \/>\n<link rel=\"canonical\" href=\"https:\/\/www.optimo-logistics.com\/en\/datenschutz\/\" \/>\n<meta property=\"og:locale\" content=\"en_US\" \/>\n<meta property=\"og:type\" content=\"article\" \/>\n<meta property=\"og:title\" content=\"Impressum - Optimo Logistics\" \/>\n<meta property=\"og:url\" content=\"https:\/\/www.optimo-logistics.com\/en\/datenschutz\/\" \/>\n<meta property=\"og:site_name\" content=\"Optimo Logistics\" \/>\n<meta property=\"article:publisher\" content=\"https:\/\/www.facebook.com\/datimoITS\/\" \/>\n<meta property=\"article:modified_time\" content=\"2024-02-09T14:51:40+00:00\" \/>\n<meta name=\"twitter:label1\" content=\"Est. reading time\" \/>\n\t<meta name=\"twitter:data1\" content=\"6 minutes\" \/>\n<script type=\"application\/ld+json\" class=\"yoast-schema-graph\">{\"@context\":\"https:\\\/\\\/schema.org\",\"@graph\":[{\"@type\":\"WebPage\",\"@id\":\"https:\\\/\\\/www.optimo-logistics.com\\\/en\\\/datenschutz\\\/\",\"url\":\"https:\\\/\\\/www.optimo-logistics.com\\\/en\\\/datenschutz\\\/\",\"name\":\"Impressum - Optimo Logistics\",\"isPartOf\":{\"@id\":\"https:\\\/\\\/www.optimo-logistics.com\\\/#website\"},\"datePublished\":\"2024-02-09T14:51:35+00:00\",\"dateModified\":\"2024-02-09T14:51:40+00:00\",\"breadcrumb\":{\"@id\":\"https:\\\/\\\/www.optimo-logistics.com\\\/en\\\/datenschutz\\\/#breadcrumb\"},\"inLanguage\":\"en-US\",\"potentialAction\":[{\"@type\":\"ReadAction\",\"target\":[\"https:\\\/\\\/www.optimo-logistics.com\\\/en\\\/datenschutz\\\/\"]}]},{\"@type\":\"BreadcrumbList\",\"@id\":\"https:\\\/\\\/www.optimo-logistics.com\\\/en\\\/datenschutz\\\/#breadcrumb\",\"itemListElement\":[{\"@type\":\"ListItem\",\"position\":1,\"name\":\"Startseite\",\"item\":\"https:\\\/\\\/www.optimo-logistics.com\\\/en\\\/\"},{\"@type\":\"ListItem\",\"position\":2,\"name\":\"Datenschutz\"}]},{\"@type\":\"WebSite\",\"@id\":\"https:\\\/\\\/www.optimo-logistics.com\\\/#website\",\"url\":\"https:\\\/\\\/www.optimo-logistics.com\\\/\",\"name\":\"Optimo Logistics\",\"description\":\"Die Kraft der Bewegung\",\"potentialAction\":[{\"@type\":\"SearchAction\",\"target\":{\"@type\":\"EntryPoint\",\"urlTemplate\":\"https:\\\/\\\/www.optimo-logistics.com\\\/?s={search_term_string}\"},\"query-input\":{\"@type\":\"PropertyValueSpecification\",\"valueRequired\":true,\"valueName\":\"search_term_string\"}}],\"inLanguage\":\"en-US\"}]}<\/script>\n<!-- \/ Yoast SEO plugin. -->","yoast_head_json":{"title":"Impressum - Optimo Logistics","robots":{"index":"index","follow":"follow","max-snippet":"max-snippet:-1","max-image-preview":"max-image-preview:large","max-video-preview":"max-video-preview:-1"},"canonical":"https:\/\/www.optimo-logistics.com\/en\/datenschutz\/","og_locale":"en_US","og_type":"article","og_title":"Impressum - Optimo Logistics","og_url":"https:\/\/www.optimo-logistics.com\/en\/datenschutz\/","og_site_name":"Optimo Logistics","article_publisher":"https:\/\/www.facebook.com\/datimoITS\/","article_modified_time":"2024-02-09T14:51:40+00:00","twitter_misc":{"Est. reading time":"6 minutes"},"schema":{"@context":"https:\/\/schema.org","@graph":[{"@type":"WebPage","@id":"https:\/\/www.optimo-logistics.com\/en\/datenschutz\/","url":"https:\/\/www.optimo-logistics.com\/en\/datenschutz\/","name":"Impressum - Optimo Logistics","isPartOf":{"@id":"https:\/\/www.optimo-logistics.com\/#website"},"datePublished":"2024-02-09T14:51:35+00:00","dateModified":"2024-02-09T14:51:40+00:00","breadcrumb":{"@id":"https:\/\/www.optimo-logistics.com\/en\/datenschutz\/#breadcrumb"},"inLanguage":"en-US","potentialAction":[{"@type":"ReadAction","target":["https:\/\/www.optimo-logistics.com\/en\/datenschutz\/"]}]},{"@type":"BreadcrumbList","@id":"https:\/\/www.optimo-logistics.com\/en\/datenschutz\/#breadcrumb","itemListElement":[{"@type":"ListItem","position":1,"name":"Startseite","item":"https:\/\/www.optimo-logistics.com\/en\/"},{"@type":"ListItem","position":2,"name":"Datenschutz"}]},{"@type":"WebSite","@id":"https:\/\/www.optimo-logistics.com\/#website","url":"https:\/\/www.optimo-logistics.com\/","name":"Optimo Logistics","description":"Die Kraft der Bewegung","potentialAction":[{"@type":"SearchAction","target":{"@type":"EntryPoint","urlTemplate":"https:\/\/www.optimo-logistics.com\/?s={search_term_string}"},"query-input":{"@type":"PropertyValueSpecification","valueRequired":true,"valueName":"search_term_string"}}],"inLanguage":"en-US"}]}},"_links":{"self":[{"href":"https:\/\/www.optimo-logistics.com\/en\/wp-json\/wp\/v2\/pages\/6702","targetHints":{"allow":["GET"]}}],"collection":[{"href":"https:\/\/www.optimo-logistics.com\/en\/wp-json\/wp\/v2\/pages"}],"about":[{"href":"https:\/\/www.optimo-logistics.com\/en\/wp-json\/wp\/v2\/types\/page"}],"author":[{"embeddable":true,"href":"https:\/\/www.optimo-logistics.com\/en\/wp-json\/wp\/v2\/users\/14"}],"replies":[{"embeddable":true,"href":"https:\/\/www.optimo-logistics.com\/en\/wp-json\/wp\/v2\/comments?post=6702"}],"version-history":[{"count":1,"href":"https:\/\/www.optimo-logistics.com\/en\/wp-json\/wp\/v2\/pages\/6702\/revisions"}],"predecessor-version":[{"id":6727,"href":"https:\/\/www.optimo-logistics.com\/en\/wp-json\/wp\/v2\/pages\/6702\/revisions\/6727"}],"wp:attachment":[{"href":"https:\/\/www.optimo-logistics.com\/en\/wp-json\/wp\/v2\/media?parent=6702"}],"curies":[{"name":"wp","href":"https:\/\/api.w.org\/{rel}","templated":true}]}}