{"id":5076,"date":"2017-03-09T09:43:25","date_gmt":"2017-03-09T08:43:25","guid":{"rendered":"https:\/\/www.optimo-logistics.com\/nationale-transporte\/"},"modified":"2026-03-30T13:00:46","modified_gmt":"2026-03-30T11:00:46","slug":"nationale-transporte-2","status":"publish","type":"page","link":"https:\/\/www.optimo-logistics.com\/en\/nationale-transporte-2\/","title":{"rendered":"National transport"},"content":{"rendered":"<p><div class=\"fusion-fullwidth fullwidth-box fusion-builder-row-1 nonhundred-percent-fullwidth non-hundred-percent-height-scrolling\" style=\"--awb-border-radius-top-left:0px;--awb-border-radius-top-right:0px;--awb-border-radius-bottom-right:0px;--awb-border-radius-bottom-left:0px;--awb-padding-bottom:28px;--awb-background-color:#ffffff;--awb-flex-wrap:wrap;\" ><div class=\"fusion-builder-row fusion-row\"><div class=\"fusion-layout-column fusion_builder_column fusion-builder-column-0 fusion_builder_column_1_1 1_1 fusion-one-full fusion-column-first fusion-column-last\" style=\"--awb-bg-size:cover;\"><div class=\"fusion-column-wrapper fusion-flex-column-wrapper-legacy\"><div class=\"fusion-title title fusion-title-1 fusion-sep-none fusion-title-text fusion-title-size-one\"><h1 class=\"fusion-title-heading title-heading-left fusion-responsive-typography-calculated\" style=\"margin:0;--fontSize:36;line-height:1.2;\">Nationale Transporte<\/h1><\/div><div class=\"fusion-sep-clear\"><\/div><div class=\"fusion-separator fusion-full-width-sep\" style=\"margin-left: auto;margin-right: auto;margin-top:16px;width:100%;\"><\/div><div class=\"fusion-sep-clear\"><\/div><div class=\"fusion-text fusion-text-1\"><p>Egal ob f\u00fcr Transporte, Expressdienste, Privat- oder Gesch\u00e4ftsumz\u00fcge \u2013 wir bleiben f\u00fcr Sie in Bewegung. Immer nach unserem Motto: Optimal \u2013 jedes Mal. Das ist unser Anspruch an uns selbst, bei allem was wir tun. Denn Zuverl\u00e4ssigkeit und Effizienz ist f\u00fcr uns viel mehr als nur ein Leistungsversprechen \u2013 es ist unsere Leidenschaft. Und daf\u00fcr setzen wir uns t\u00e4glich ein.&nbsp;<\/p>\n<\/div><div class=\"fusion-clearfix\"><\/div><\/div><\/div><\/div><\/div><div class=\"fusion-fullwidth fullwidth-box fusion-builder-row-2 nonhundred-percent-fullwidth non-hundred-percent-height-scrolling fusion-equal-height-columns\" style=\"--awb-border-radius-top-left:0px;--awb-border-radius-top-right:0px;--awb-border-radius-bottom-right:0px;--awb-border-radius-bottom-left:0px;--awb-background-color:#303030;--awb-flex-wrap:wrap;\" ><div class=\"fusion-builder-row fusion-row\"><div class=\"fusion-layout-column fusion_builder_column fusion-builder-column-1 fusion_builder_column_1_1 1_1 fusion-one-full fusion-column-first fusion-column-last fusion-column-no-min-height\" style=\"--awb-bg-size:cover;\"><div class=\"fusion-column-wrapper fusion-flex-column-wrapper-legacy\"><div class=\"fusion-title title fusion-title-2 fusion-sep-none fusion-title-text fusion-title-size-one\"><h1 class=\"fusion-title-heading title-heading-left fusion-responsive-typography-calculated\" style=\"margin:0;--fontSize:36;line-height:1.2;\">Strassentransport<\/h1><\/div><div class=\"fusion-sep-clear\"><\/div><div class=\"fusion-separator fusion-full-width-sep\" style=\"margin-left: auto;margin-right: auto;margin-top:16px;width:100%;\"><\/div><div class=\"fusion-sep-clear\"><\/div><div class=\"fusion-text fusion-text-2\"><p><span style=\"color: #ffffff;\">Ein wichtiges Bindeglied f\u00fcr unsere Logistikleistungen sind die eigenen Fahrzeuge. Dabei steht Ihnen ein vielf\u00e4ltiger und moderner&nbsp;Fuhrpark zur Verf\u00fcgung \u2013 vom Lieferwagen bis hin zum 40-Tonnen Sattelschlepper.<\/span><\/p>\n<\/div><div class=\"fusion-clearfix\"><\/div><\/div><\/div><div class=\"fusion-layout-column fusion_builder_column fusion-builder-column-2 fusion_builder_column_1_3 1_3 fusion-one-third fusion-column-first\" style=\"--awb-padding-right:40px;--awb-padding-bottom:24px;--awb-padding-left:40px;--awb-bg-color:#6dc5b3;--awb-bg-color-hover:#6dc5b3;--awb-bg-image:url(&#039;https:\/\/www.optimo-logistics.com\/wp-content\/uploads\/greenbox1.png&#039;);--awb-bg-repeat:repeat-x;width:33.333333333333%;width:calc(33.333333333333% - ( ( 20px + 20px ) * 0.33333333333333 ) );margin-right: 20px;\"><div class=\"fusion-column-wrapper fusion-flex-column-wrapper-legacy fusion-column-has-bg-image\" data-bg-url=\"https:\/\/www.optimo-logistics.com\/wp-content\/uploads\/greenbox1.png\"><div class=\"fusion-sep-clear\"><\/div><div class=\"fusion-separator fusion-full-width-sep\" style=\"margin-left: auto;margin-right: auto;margin-top:20px;width:100%;\"><\/div><div class=\"fusion-sep-clear\"><\/div><div class=\"fusion-title title fusion-title-3 fusion-sep-none fusion-title-center fusion-title-text fusion-title-size-three\" style=\"--awb-margin-bottom:57px;\"><h3 class=\"fusion-title-heading title-heading-center fusion-responsive-typography-calculated\" style=\"margin:0;--fontSize:22;--minFontSize:22;line-height:1.35;\"><span style=\"color: #ffffff;\"><strong>St\u00fcckgut<\/strong><\/span><\/h3><\/div><div class=\"fusion-sep-clear\"><\/div><div class=\"fusion-separator fusion-no-medium-visibility fusion-no-large-visibility fusion-full-width-sep\" style=\"margin-left: auto;margin-right: auto;margin-top:38px;width:100%;\"><\/div><div class=\"fusion-sep-clear\"><\/div><div class=\"fusion-text fusion-text-3\"><p><span style=\"color: #ffffff;\">Wir transportieren Ihr St\u00fcckgut schweizweit \u00fcberall hin. Dabei sind wir zuverl\u00e4ssig und termingerecht.<\/span><\/p>\n<\/div><div class=\"fusion-clearfix\"><\/div><\/div><\/div><div class=\"fusion-layout-column fusion_builder_column fusion-builder-column-3 fusion_builder_column_1_3 1_3 fusion-one-third\" style=\"--awb-padding-right:40px;--awb-padding-bottom:24px;--awb-padding-left:40px;--awb-bg-color:#000000;--awb-bg-color-hover:#000000;--awb-bg-image:url(&#039;https:\/\/www.optimo-logistics.com\/wp-content\/uploads\/greenbox1.png&#039;);--awb-bg-repeat:repeat-x;width:33.333333333333%;width:calc(33.333333333333% - ( ( 20px + 20px ) * 0.33333333333333 ) );margin-right: 20px;\"><div class=\"fusion-column-wrapper fusion-flex-column-wrapper-legacy fusion-column-has-bg-image\" data-bg-url=\"https:\/\/www.optimo-logistics.com\/wp-content\/uploads\/greenbox1.png\"><div class=\"fusion-sep-clear\"><\/div><div class=\"fusion-separator fusion-full-width-sep\" style=\"margin-left: auto;margin-right: auto;margin-top:6px;width:100%;\"><\/div><div class=\"fusion-sep-clear\"><\/div><div class=\"fusion-title title fusion-title-4 fusion-sep-none fusion-title-center fusion-title-text fusion-title-size-three\" style=\"--awb-margin-bottom:42px;\"><h3 class=\"fusion-title-heading title-heading-center fusion-responsive-typography-calculated\" style=\"margin:0;--fontSize:22;--minFontSize:22;line-height:1.35;\"><p><span style=\"color: #ffffff;\"><strong>Express-<\/strong><\/span><br \/>\n<span style=\"color: #ffffff;\"><strong>transporte<\/strong><\/span><\/p><\/h3><\/div><div class=\"fusion-sep-clear\"><\/div><div class=\"fusion-separator fusion-no-medium-visibility fusion-no-large-visibility fusion-full-width-sep\" style=\"margin-left: auto;margin-right: auto;margin-top:23px;width:100%;\"><\/div><div class=\"fusion-sep-clear\"><\/div><div class=\"fusion-text fusion-text-4\"><p><span style=\"color: #ffffff;\">Optimo Logistics bef\u00f6rdert dringende Lieferungen, per Expressdienst, sicher und flexibel.<\/span><\/p>\n<\/div><div class=\"fusion-clearfix\"><\/div><\/div><\/div><div class=\"fusion-layout-column fusion_builder_column fusion-builder-column-4 fusion_builder_column_1_3 1_3 fusion-one-third fusion-column-last\" style=\"--awb-padding-right:40px;--awb-padding-bottom:24px;--awb-padding-left:40px;--awb-bg-color:#000000;--awb-bg-color-hover:#000000;--awb-bg-image:url(&#039;https:\/\/www.optimo-logistics.com\/wp-content\/uploads\/greenbox1.png&#039;);--awb-bg-repeat:repeat-x;width:33.333333333333%;width:calc(33.333333333333% - ( ( 20px + 20px ) * 0.33333333333333 ) );\"><div class=\"fusion-column-wrapper fusion-flex-column-wrapper-legacy fusion-column-has-bg-image\" data-bg-url=\"https:\/\/www.optimo-logistics.com\/wp-content\/uploads\/greenbox1.png\"><div class=\"fusion-sep-clear\"><\/div><div class=\"fusion-separator fusion-full-width-sep\" style=\"margin-left: auto;margin-right: auto;margin-top:6px;width:100%;\"><\/div><div class=\"fusion-sep-clear\"><\/div><div class=\"fusion-title title fusion-title-5 fusion-sep-none fusion-title-center fusion-title-text fusion-title-size-three\" style=\"--awb-margin-bottom:42px;\"><h3 class=\"fusion-title-heading title-heading-center fusion-responsive-typography-calculated\" style=\"margin:0;--fontSize:22;--minFontSize:22;line-height:1.35;\"><p><span style=\"color: #ffffff;\"><strong>Teil- und<\/strong><\/span><br \/>\n<span style=\"color: #ffffff;\"> <strong>Komplettladungen<\/strong><\/span><\/p><\/h3><\/div><div class=\"fusion-sep-clear\"><\/div><div class=\"fusion-separator fusion-no-medium-visibility fusion-no-large-visibility fusion-full-width-sep\" style=\"margin-left: auto;margin-right: auto;margin-top:23px;width:100%;\"><\/div><div class=\"fusion-sep-clear\"><\/div><div class=\"fusion-text fusion-text-5\"><p><span style=\"color: #ffffff;\">Der schweizweite Einsatz unserer Fahrzeuge sowie unser gutes Netzwerk erm\u00f6glichen h\u00f6chste Flexibilit\u00e4t.<\/span><\/p>\n<\/div><div class=\"fusion-clearfix\"><\/div><\/div><\/div><\/div><\/div><div class=\"fusion-fullwidth fullwidth-box fusion-builder-row-3 nonhundred-percent-fullwidth non-hundred-percent-height-scrolling\" style=\"--awb-background-position:left top;--awb-border-radius-top-left:0px;--awb-border-radius-top-right:0px;--awb-border-radius-bottom-right:0px;--awb-border-radius-bottom-left:0px;--awb-background-color:#ffffff;--awb-flex-wrap:wrap;\" ><div class=\"fusion-builder-row fusion-row\"><div class=\"fusion-layout-column fusion_builder_column fusion-builder-column-5 fusion_builder_column_1_1 1_1 fusion-one-full fusion-column-first fusion-column-last\" style=\"--awb-bg-size:cover;\"><div class=\"fusion-column-wrapper fusion-flex-column-wrapper-legacy\"><div class=\"fusion-title title fusion-title-6 fusion-sep-none fusion-title-text fusion-title-size-one\"><h1 class=\"fusion-title-heading title-heading-left fusion-responsive-typography-calculated\" style=\"margin:0;--fontSize:36;line-height:1.2;\">Privat- &amp; Gesch\u00e4ftsumz\u00fcge<\/h1><\/div><div class=\"fusion-clearfix\"><\/div><\/div><\/div><div class=\"fusion-layout-column fusion_builder_column fusion-builder-column-6 fusion_builder_column_1_2 1_2 fusion-one-half fusion-column-first\" style=\"--awb-bg-size:cover;width:50%;width:calc(50% - ( ( 10% ) * 0.5 ) );margin-right: 10%;\"><div class=\"fusion-column-wrapper fusion-flex-column-wrapper-legacy\"><div class=\"fusion-text fusion-text-6\"><p>Damit ein Umzug strukturiert, effizient und ohne Sch\u00e4den erfolgt, braucht es die richtigen Mitarbeiter und die n\u00f6tige Erfahrung.<\/p>\n<p>Je nach Kundenwunsch passen wir unsere Dienstleistungen an \u2013 so k\u00f6nnen wir jedem Bed\u00fcrfnis gerecht werden. Ob individueller Z\u00fcgelservice, M\u00f6bel- oder Klaviertransporte, Verpackungsservice, Demontage und Montage von M\u00f6beln, Privat- oder Gesch\u00e4ftsumzug \u2013 mit unserem Know-how helfen wir Ihnen gerne bei der Planung, Koordination und Umsetzung Ihres Umzuges.<\/p>\n<\/div><div class=\"fusion-clearfix\"><\/div><\/div><\/div><div class=\"fusion-layout-column fusion_builder_column fusion-builder-column-7 fusion_builder_column_1_2 1_2 fusion-one-half fusion-column-last\" style=\"--awb-padding-top:40px;--awb-padding-right:40px;--awb-padding-bottom:50px;--awb-padding-left:40px;--awb-bg-color:#000000;--awb-bg-color-hover:#000000;--awb-bg-size:cover;width:50%;width:calc(50% - ( ( 10% ) * 0.5 ) );\"><div class=\"fusion-column-wrapper fusion-flex-column-wrapper-legacy\"><div class=\"fusion-image-element fusion-image-align-left in-legacy-container\" style=\"text-align:left;--awb-caption-title-font-family:var(--h2_typography-font-family);--awb-caption-title-font-weight:var(--h2_typography-font-weight);--awb-caption-title-font-style:var(--h2_typography-font-style);--awb-caption-title-size:var(--h2_typography-font-size);--awb-caption-title-transform:var(--h2_typography-text-transform);--awb-caption-title-line-height:var(--h2_typography-line-height);--awb-caption-title-letter-spacing:var(--h2_typography-letter-spacing);\"><span class=\" fusion-imageframe imageframe-none imageframe-1 hover-type-none\" style=\"margin-right:25px;float:left;\"><a class=\"fusion-no-lightbox\" href=\"http:\/\/www.peterli.ch\/\" target=\"_blank\" aria-label=\"peterli_umzuege_logo_negativ\" rel=\"noopener noreferrer\"><img decoding=\"async\" width=\"163\" height=\"52\" alt=\"Optimo Logistics\" src=\"https:\/\/www.optimo-logistics.com\/wp-content\/uploads\/peterli_umzuege_logo_negativ.png\" class=\"img-responsive wp-image-3437\"\/><\/a><\/span><\/div><div class=\"fusion-sep-clear\"><\/div><div class=\"fusion-separator fusion-full-width-sep\" style=\"margin-left: auto;margin-right: auto;margin-top:30px;width:100%;\"><\/div><div class=\"fusion-sep-clear\"><\/div><div class=\"fusion-text fusion-text-7\"><p><span style=\"color: #ffffff;\"><strong>Peterli Umz\u00fcge ist seit 1947 der&nbsp;Umzugsdienstleister im Grossraum Winterthur. Seit 2014 ist Peterli Umz\u00fcge Teil der Optimo&nbsp;Gruppe.<\/strong><\/span><\/p>\n<\/div><div class=\"fusion-sep-clear\"><\/div><div class=\"fusion-separator fusion-full-width-sep\" style=\"margin-left: auto;margin-right: auto;margin-top:20px;width:100%;\"><\/div><div class=\"fusion-sep-clear\"><\/div><div class=\"fusion-alignleft\"><a class=\"fusion-button button-flat fusion-button-default-size button-default fusion-button-default button-1 fusion-button-default-span fusion-button-default-type\" target=\"_blank\" rel=\"noopener noreferrer\" href=\"http:\/\/www.peterli.ch\/\"><span class=\"fusion-button-text\">Website<\/span><\/a><\/div><div class=\"fusion-clearfix\"><\/div><\/div><\/div><\/div><\/div><div class=\"fusion-fullwidth fullwidth-box fusion-builder-row-4 fusion-parallax-none nonhundred-percent-fullwidth non-hundred-percent-height-scrolling\" style=\"--awb-background-position:left top;--awb-border-radius-top-left:0px;--awb-border-radius-top-right:0px;--awb-border-radius-bottom-right:0px;--awb-border-radius-bottom-left:0px;--awb-padding-bottom:85px;--awb-background-image:url(&quot;https:\/\/www.optimo-logistics.com\/wp-content\/uploads\/hg_optimo-logistics.jpg&quot;);--awb-background-size:cover;--awb-flex-wrap:wrap;\" ><div class=\"fusion-builder-row fusion-row\"><div class=\"fusion-layout-column fusion_builder_column fusion-builder-column-8 fusion_builder_column_1_1 1_1 fusion-one-full fusion-column-first fusion-column-last\" style=\"--awb-bg-size:cover;\"><div class=\"fusion-column-wrapper fusion-flex-column-wrapper-legacy\"><div class=\"fusion-title title fusion-title-7 fusion-sep-none fusion-title-text fusion-title-size-one\"><h1 class=\"fusion-title-heading title-heading-left fusion-responsive-typography-calculated\" style=\"margin:0;--fontSize:36;line-height:1.2;\"><span style=\"color: #ffffff;\">Ihre Ansprechpartner<\/span><\/h1><\/div><div class=\"fusion-sep-clear\"><\/div><div class=\"fusion-separator fusion-full-width-sep\" style=\"margin-left: auto;margin-right: auto;margin-top:27px;width:100%;\"><\/div><div class=\"fusion-sep-clear\"><\/div><div class=\"fusion-text fusion-text-8\"><div id=\"dv-overlay\"><\/div>\n<ul id=\"dvteamgrid196683042\" class=\"dvteamgrid \">\n                    <li>\n        <figure>\n            <a id=\"dvgridboxlink1966830425422\" href=\"#dvteambox1966830425422\"  class=\"popup-with-zoom-anim\" >\n                <img decoding=\"async\" src=\"https:\/\/www.optimo-logistics.com\/wp-content\/uploads\/Daniel-Widmer-00188-2-1384x1038.jpg\" alt=\"Daniel Widmer\" \/>\n                                <div class=\"dv-member-zoom\"><\/div>\n                            <\/a>\n                <figcaption>\n                    <div class=\"dv-member-desc\">\n                        <div><span class=\"dv-member-name\">Daniel Widmer<\/span><\/div>\n                                                <div><span class=\"dv-member-info\">Head of Domestic Transports, Plant transport &amp; waste disposal<\/span><\/div>\n                                            <\/div>\n                <\/figcaption>\n        <\/figure>\n    <\/li>\n                            <li>\n        <figure>\n            <a id=\"dvgridboxlink1966830425428\" href=\"#dvteambox1966830425428\"  class=\"popup-with-zoom-anim\" >\n                <img decoding=\"async\" src=\"https:\/\/www.optimo-logistics.com\/wp-content\/uploads\/Optimo-Logistics_Patrick-Fl\u00fcckiger-1.jpg\" alt=\"Patrick Fl\u00fcckiger\" \/>\n                                <div class=\"dv-member-zoom\"><\/div>\n                            <\/a>\n                <figcaption>\n                    <div class=\"dv-member-desc\">\n                        <div><span class=\"dv-member-name\">Patrick Fl\u00fcckiger<\/span><\/div>\n                                                <div><span class=\"dv-member-info\">Head Privat - and Business Removals \/ Scheduler National Transport<\/span><\/div>\n                                            <\/div>\n                <\/figcaption>\n        <\/figure>\n    <\/li>\n                            <li>\n        <figure>\n            <a id=\"dvgridboxlink1966830425425\" href=\"#dvteambox1966830425425\"  class=\"popup-with-zoom-anim\" >\n                <img decoding=\"async\" src=\"https:\/\/www.optimo-logistics.com\/wp-content\/uploads\/boban_stojanovic.jpg\" alt=\"Boban Stojanovi\u0107\" \/>\n                                <div class=\"dv-member-zoom\"><\/div>\n                            <\/a>\n                <figcaption>\n                    <div class=\"dv-member-desc\">\n                        <div><span class=\"dv-member-name\">Boban Stojanovi\u0107<\/span><\/div>\n                                                <div><span class=\"dv-member-info\">Domestic Transport Scheduler<\/span><\/div>\n                                            <\/div>\n                <\/figcaption>\n        <\/figure>\n    <\/li>\n        <\/ul>\n<div class=\"dv-clear\"><\/div>\n\n<script type=\"text\/javascript\">\n    jQuery(document).ready(function () {\n        \"use strict\";\n        var wookmark;\n        imagesLoaded('#dvteamgrid196683042', function () {\n            wookmark = new Wookmark('#dvteamgrid196683042', {\n                itemWidth: 345,\n                autoResize: true,\n                resizeDelay: 500,\n                                align: 'left',\n                container: jQuery('#dvteamgrid196683042'),\n                offset: 20,\n                outerOffset: 0,\n                fillEmptySpace: false,\n                flexibleWidth: '100%'\n            });\n            setTimeout(function(){\n                jQuery(\"#dvteamgrid196683042\").css('visibility','visible');\n            }, 500);\n        });\n    });\n<\/script>\n\n<\/div><div class=\"fusion-clearfix\"><\/div><\/div><\/div><\/div><\/div><\/p>\n","protected":false},"excerpt":{"rendered":"","protected":false},"author":14,"featured_media":0,"parent":0,"menu_order":29,"comment_status":"closed","ping_status":"closed","template":"100-width.php","meta":{"ngg_post_thumbnail":0,"footnotes":""},"class_list":["post-5076","page","type-page","status-publish","hentry"],"yoast_head":"<!-- This site is optimized with the Yoast SEO plugin v27.5 - https:\/\/yoast.com\/product\/yoast-seo-wordpress\/ -->\n<title>National transport - Optimo Logistics<\/title>\n<meta name=\"description\" content=\"Egal ob f\u00fcr nationale Transporte, Expressdienste, Privat- oder Gesch\u00e4ftsumz\u00fcge \u2013 wir bleiben f\u00fcr Sie in Bewegung. Immer nach dem Motto: Optimal \u2013 jedes Mal.\" \/>\n<meta name=\"robots\" content=\"index, follow, max-snippet:-1, max-image-preview:large, max-video-preview:-1\" \/>\n<link rel=\"canonical\" href=\"https:\/\/www.optimo-logistics.com\/en\/nationale-transporte-2\/\" \/>\n<meta property=\"og:locale\" content=\"en_US\" \/>\n<meta property=\"og:type\" content=\"article\" \/>\n<meta property=\"og:title\" content=\"National transport - Optimo Logistics\" \/>\n<meta property=\"og:description\" content=\"Egal ob f\u00fcr nationale Transporte, Expressdienste, Privat- oder Gesch\u00e4ftsumz\u00fcge \u2013 wir bleiben f\u00fcr Sie in Bewegung. Immer nach dem Motto: Optimal \u2013 jedes Mal.\" \/>\n<meta property=\"og:url\" content=\"https:\/\/www.optimo-logistics.com\/en\/nationale-transporte-2\/\" \/>\n<meta property=\"og:site_name\" content=\"Optimo Logistics\" \/>\n<meta property=\"article:publisher\" content=\"https:\/\/www.facebook.com\/datimoITS\/\" \/>\n<meta property=\"article:modified_time\" content=\"2026-03-30T11:00:46+00:00\" \/>\n<meta name=\"twitter:label1\" content=\"Est. reading time\" \/>\n\t<meta name=\"twitter:data1\" content=\"11 minutes\" \/>\n<script type=\"application\/ld+json\" class=\"yoast-schema-graph\">{\"@context\":\"https:\\\/\\\/schema.org\",\"@graph\":[{\"@type\":\"WebPage\",\"@id\":\"https:\\\/\\\/www.optimo-logistics.com\\\/en\\\/nationale-transporte-2\\\/\",\"url\":\"https:\\\/\\\/www.optimo-logistics.com\\\/en\\\/nationale-transporte-2\\\/\",\"name\":\"National transport - Optimo Logistics\",\"isPartOf\":{\"@id\":\"https:\\\/\\\/www.optimo-logistics.com\\\/#website\"},\"datePublished\":\"2017-03-09T08:43:25+00:00\",\"dateModified\":\"2026-03-30T11:00:46+00:00\",\"description\":\"Egal ob f\u00fcr nationale Transporte, Expressdienste, Privat- oder Gesch\u00e4ftsumz\u00fcge \u2013 wir bleiben f\u00fcr Sie in Bewegung. Immer nach dem Motto: Optimal \u2013 jedes Mal.\",\"breadcrumb\":{\"@id\":\"https:\\\/\\\/www.optimo-logistics.com\\\/en\\\/nationale-transporte-2\\\/#breadcrumb\"},\"inLanguage\":\"en-US\",\"potentialAction\":[{\"@type\":\"ReadAction\",\"target\":[\"https:\\\/\\\/www.optimo-logistics.com\\\/en\\\/nationale-transporte-2\\\/\"]}]},{\"@type\":\"BreadcrumbList\",\"@id\":\"https:\\\/\\\/www.optimo-logistics.com\\\/en\\\/nationale-transporte-2\\\/#breadcrumb\",\"itemListElement\":[{\"@type\":\"ListItem\",\"position\":1,\"name\":\"Startseite\",\"item\":\"https:\\\/\\\/www.optimo-logistics.com\\\/en\\\/\"},{\"@type\":\"ListItem\",\"position\":2,\"name\":\"National transport\"}]},{\"@type\":\"WebSite\",\"@id\":\"https:\\\/\\\/www.optimo-logistics.com\\\/#website\",\"url\":\"https:\\\/\\\/www.optimo-logistics.com\\\/\",\"name\":\"Optimo Logistics\",\"description\":\"Die Kraft der Bewegung\",\"potentialAction\":[{\"@type\":\"SearchAction\",\"target\":{\"@type\":\"EntryPoint\",\"urlTemplate\":\"https:\\\/\\\/www.optimo-logistics.com\\\/?s={search_term_string}\"},\"query-input\":{\"@type\":\"PropertyValueSpecification\",\"valueRequired\":true,\"valueName\":\"search_term_string\"}}],\"inLanguage\":\"en-US\"}]}<\/script>\n<!-- \/ Yoast SEO plugin. -->","yoast_head_json":{"title":"National transport - Optimo Logistics","description":"Egal ob f\u00fcr nationale Transporte, Expressdienste, Privat- oder Gesch\u00e4ftsumz\u00fcge \u2013 wir bleiben f\u00fcr Sie in Bewegung. Immer nach dem Motto: Optimal \u2013 jedes Mal.","robots":{"index":"index","follow":"follow","max-snippet":"max-snippet:-1","max-image-preview":"max-image-preview:large","max-video-preview":"max-video-preview:-1"},"canonical":"https:\/\/www.optimo-logistics.com\/en\/nationale-transporte-2\/","og_locale":"en_US","og_type":"article","og_title":"National transport - Optimo Logistics","og_description":"Egal ob f\u00fcr nationale Transporte, Expressdienste, Privat- oder Gesch\u00e4ftsumz\u00fcge \u2013 wir bleiben f\u00fcr Sie in Bewegung. Immer nach dem Motto: Optimal \u2013 jedes Mal.","og_url":"https:\/\/www.optimo-logistics.com\/en\/nationale-transporte-2\/","og_site_name":"Optimo Logistics","article_publisher":"https:\/\/www.facebook.com\/datimoITS\/","article_modified_time":"2026-03-30T11:00:46+00:00","twitter_misc":{"Est. reading time":"11 minutes"},"schema":{"@context":"https:\/\/schema.org","@graph":[{"@type":"WebPage","@id":"https:\/\/www.optimo-logistics.com\/en\/nationale-transporte-2\/","url":"https:\/\/www.optimo-logistics.com\/en\/nationale-transporte-2\/","name":"National transport - Optimo Logistics","isPartOf":{"@id":"https:\/\/www.optimo-logistics.com\/#website"},"datePublished":"2017-03-09T08:43:25+00:00","dateModified":"2026-03-30T11:00:46+00:00","description":"Egal ob f\u00fcr nationale Transporte, Expressdienste, Privat- oder Gesch\u00e4ftsumz\u00fcge \u2013 wir bleiben f\u00fcr Sie in Bewegung. Immer nach dem Motto: Optimal \u2013 jedes Mal.","breadcrumb":{"@id":"https:\/\/www.optimo-logistics.com\/en\/nationale-transporte-2\/#breadcrumb"},"inLanguage":"en-US","potentialAction":[{"@type":"ReadAction","target":["https:\/\/www.optimo-logistics.com\/en\/nationale-transporte-2\/"]}]},{"@type":"BreadcrumbList","@id":"https:\/\/www.optimo-logistics.com\/en\/nationale-transporte-2\/#breadcrumb","itemListElement":[{"@type":"ListItem","position":1,"name":"Startseite","item":"https:\/\/www.optimo-logistics.com\/en\/"},{"@type":"ListItem","position":2,"name":"National transport"}]},{"@type":"WebSite","@id":"https:\/\/www.optimo-logistics.com\/#website","url":"https:\/\/www.optimo-logistics.com\/","name":"Optimo Logistics","description":"Die Kraft der Bewegung","potentialAction":[{"@type":"SearchAction","target":{"@type":"EntryPoint","urlTemplate":"https:\/\/www.optimo-logistics.com\/?s={search_term_string}"},"query-input":{"@type":"PropertyValueSpecification","valueRequired":true,"valueName":"search_term_string"}}],"inLanguage":"en-US"}]}},"_links":{"self":[{"href":"https:\/\/www.optimo-logistics.com\/en\/wp-json\/wp\/v2\/pages\/5076","targetHints":{"allow":["GET"]}}],"collection":[{"href":"https:\/\/www.optimo-logistics.com\/en\/wp-json\/wp\/v2\/pages"}],"about":[{"href":"https:\/\/www.optimo-logistics.com\/en\/wp-json\/wp\/v2\/types\/page"}],"author":[{"embeddable":true,"href":"https:\/\/www.optimo-logistics.com\/en\/wp-json\/wp\/v2\/users\/14"}],"replies":[{"embeddable":true,"href":"https:\/\/www.optimo-logistics.com\/en\/wp-json\/wp\/v2\/comments?post=5076"}],"version-history":[{"count":17,"href":"https:\/\/www.optimo-logistics.com\/en\/wp-json\/wp\/v2\/pages\/5076\/revisions"}],"predecessor-version":[{"id":7468,"href":"https:\/\/www.optimo-logistics.com\/en\/wp-json\/wp\/v2\/pages\/5076\/revisions\/7468"}],"wp:attachment":[{"href":"https:\/\/www.optimo-logistics.com\/en\/wp-json\/wp\/v2\/media?parent=5076"}],"curies":[{"name":"wp","href":"https:\/\/api.w.org\/{rel}","templated":true}]}}