{"id":459,"date":"2016-11-02T16:05:35","date_gmt":"2016-11-02T15:05:35","guid":{"rendered":"https:\/\/www.optimo-logistics.com\/en\/about\/kontakt\/"},"modified":"2024-01-25T14:58:49","modified_gmt":"2024-01-25T13:58:49","slug":"kontakt","status":"publish","type":"page","link":"https:\/\/www.optimo-logistics.com\/en\/ueber-uns\/kontakt\/","title":{"rendered":"Contact"},"content":{"rendered":"<p><div class=\"fusion-fullwidth fullwidth-box fusion-builder-row-1 nonhundred-percent-fullwidth non-hundred-percent-height-scrolling\" style=\"--awb-border-radius-top-left:0px;--awb-border-radius-top-right:0px;--awb-border-radius-bottom-right:0px;--awb-border-radius-bottom-left:0px;--awb-padding-top:0px;--awb-padding-right:0px;--awb-padding-bottom:0px;--awb-padding-left:0px;--awb-margin-top:0px;--awb-background-color:#459d8b;--awb-flex-wrap:wrap;\" ><div class=\"fusion-builder-row fusion-row\"><div class=\"fusion-layout-column fusion_builder_column fusion-builder-column-0 fusion_builder_column_1_1 1_1 fusion-one-full fusion-column-first fusion-column-last fusion-no-small-visibility\" style=\"--awb-padding-top:30px;--awb-padding-bottom:32px;--awb-bg-color:rgba(137,206,0,0);--awb-bg-color-hover:rgba(137,206,0,0);--awb-bg-size:cover;--awb-margin-bottom:0px;\"><div class=\"fusion-column-wrapper fusion-flex-column-wrapper-legacy\"><div class=\"fusion-title title fusion-title-1 fusion-sep-none fusion-title-center fusion-title-text fusion-title-size-three\" style=\"--awb-margin-bottom:0px;\"><h3 class=\"fusion-title-heading title-heading-center fusion-responsive-typography-calculated\" style=\"margin:0;--fontSize:22;--minFontSize:22;line-height:1.35;\"><span style=\"color: #ffffff;\">&nbsp;<\/span><\/h3><\/div><div class=\"fusion-clearfix\"><\/div><\/div><\/div><div class=\"fusion-layout-column fusion_builder_column fusion-builder-column-1 fusion_builder_column_1_1 1_1 fusion-one-full fusion-column-first fusion-column-last fusion-no-medium-visibility fusion-no-large-visibility\" style=\"--awb-padding-top:18px;--awb-bg-color:rgba(137,206,0,0);--awb-bg-color-hover:rgba(137,206,0,0);--awb-bg-size:cover;--awb-margin-bottom:0px;\"><div class=\"fusion-column-wrapper fusion-flex-column-wrapper-legacy\"><div class=\"fusion-title title fusion-title-2 fusion-sep-none fusion-title-center fusion-title-text fusion-title-size-four\" style=\"--awb-margin-bottom:0px;\"><h4 class=\"fusion-title-heading title-heading-center fusion-responsive-typography-calculated\" style=\"margin:0;--fontSize:18;--minFontSize:18;line-height:1.2;\"><span style=\"color: #ffffff;\">&nbsp;<\/span><\/h4><\/div><div class=\"fusion-clearfix\"><\/div><\/div><\/div><\/div><\/div><div class=\"fusion-fullwidth fullwidth-box fusion-builder-row-2 nonhundred-percent-fullwidth non-hundred-percent-height-scrolling fusion-equal-height-columns\" style=\"--awb-border-radius-top-left:0px;--awb-border-radius-top-right:0px;--awb-border-radius-bottom-right:0px;--awb-border-radius-bottom-left:0px;--awb-background-color:#ffffff;--awb-flex-wrap:wrap;\" ><div class=\"fusion-builder-row fusion-row\"><div class=\"fusion-layout-column fusion_builder_column fusion-builder-column-2 fusion_builder_column_1_1 1_1 fusion-one-full fusion-column-first fusion-column-last fusion-column-no-min-height\" style=\"--awb-bg-size:cover;\"><div class=\"fusion-column-wrapper fusion-flex-column-wrapper-legacy\"><div class=\"fusion-title title fusion-title-3 fusion-sep-none fusion-title-text fusion-title-size-one\" style=\"--awb-margin-bottom:14px;\"><h1 class=\"fusion-title-heading title-heading-left fusion-responsive-typography-calculated\" style=\"margin:0;--fontSize:36;line-height:1.2;\">Locations<\/h1><\/div><div class=\"fusion-clearfix\"><\/div><\/div><\/div><div class=\"fusion-layout-column fusion_builder_column fusion-builder-column-3 fusion_builder_column_1_3 1_3 fusion-one-third fusion-column-first\" style=\"--awb-padding-top:34px;--awb-padding-right:30px;--awb-padding-bottom:20px;--awb-padding-left:40px;--awb-bg-color:#459d8b;--awb-bg-color-hover:#459d8b;--awb-bg-size:cover;--awb-border-color:#459d8b;--awb-border-style:solid;--awb-margin-bottom:0px;width:33.333333333333%;width:calc(33.333333333333% - ( ( 0 ) * 0.33333333333333 ) );margin-right: 0px;\"><div class=\"fusion-column-wrapper fusion-flex-column-wrapper-legacy\"><div class=\"fusion-title title fusion-title-4 fusion-sep-none fusion-title-text fusion-title-size-two\"><h2 class=\"fusion-title-heading title-heading-left fusion-responsive-typography-calculated\" style=\"margin:0;--fontSize:26;line-height:1.2;\"><span style=\"color: #ffffff;\">Winterthur<\/span><\/h2><\/div><div class=\"fusion-sep-clear\"><\/div><div class=\"fusion-separator fusion-full-width-sep\" style=\"margin-left: auto;margin-right: auto;margin-top:2px;width:100%;\"><\/div><div class=\"fusion-sep-clear\"><\/div><div class=\"fusion-text fusion-text-1\"><p><span style=\"color: #ffffff;\"><strong>Optimo Logistics (Headquarters)<\/strong><\/span><br \/>\n<span style=\"color: #ffffff;\"> Optimo Service AG<\/span><br \/>\n<span style=\"color: #ffffff;\"> Franz-Burckhardt-Strasse 11<\/span><br \/>\n<span style=\"color: #ffffff;\"> 8404 Winterthur<\/span><\/p>\n<p><span style=\"color: #ffffff;\">Phone +41 52 262 25 25<\/span><br \/>\n<span style=\"color: #ffffff;\"> <a style=\"color: #ffffff;\" href=\"mailto:info@optimo-logistics.com\">info@optimo-logistics.com<br \/>\n<\/a><a style=\"color: #ffffff;\" href=\"http:\/\/www.optimo-logistics.com\" target=\"_blank\" rel=\"noopener noreferrer\">www.optimo-logistics.com<\/a><\/span><\/p>\n<\/div><div class=\"fusion-clearfix\"><\/div><\/div><\/div><div class=\"fusion-layout-column fusion_builder_column fusion-builder-column-4 fusion_builder_column_2_3 2_3 fusion-two-third fusion-column-last\" style=\"--awb-bg-size:cover;width:66.666666666667%;width:calc(66.666666666667% - ( ( 0 ) * 0.66666666666667 ) );\"><div class=\"fusion-column-wrapper fusion-flex-column-wrapper-legacy\">\t\t\t\t\t<script type=\"text\/javascript\">\n\t\t\t\t\t\tvar map_fusion_map_69f6d6f28d2dc;\n\t\t\t\t\t\tvar markers = [];\n\t\t\t\t\t\tvar counter = 0;\n\t\t\t\t\t\t\t\t\t\t\t\t\t\t\t\t\t\t\t\tvar fusionMapNonce = '163414f2b9';\n\t\t\t\t\t\t\t\t\t\t\t\tfunction fusion_run_map_fusion_map_69f6d6f28d2dc() {\n\t\t\t\t\t\t\tjQuery('#fusion_map_69f6d6f28d2dc').fusion_maps({\n\t\t\t\t\t\t\t\taddresses: [{\"address\":\"Franz-Burckhardt-Strasse 11, 8404 Winterthur, Schweiz\",\"infobox_content\":\"\",\"marker\":\"\\\/wp-content\\\/uploads\\\/optimo_logistics_pointer.png\",\"coordinates\":false,\"cache\":true,\"latitude\":\"47.503622\",\"longitude\":\"8.760157400000026\"}],\n\t\t\t\t\t\t\t\tanimations: true,\n\t\t\t\t\t\t\t\tinfobox_background_color: '',\n\t\t\t\t\t\t\t\tinfobox_styling: 'default',\n\t\t\t\t\t\t\t\tinfobox_text_color: '',\n\t\t\t\t\t\t\t\tmap_style: 'custom',\n\t\t\t\t\t\t\t\tmap_type: 'roadmap',\n\t\t\t\t\t\t\t\tmarker_icon: '\/wp-content\/uploads\/optimo_logistics_pointer.png',\n\t\t\t\t\t\t\t\toverlay_color: '#a3a3a3',\n\t\t\t\t\t\t\t\toverlay_color_hsl: {\"hue\":0,\"sat\":0,\"lum\":64},\n\t\t\t\t\t\t\t\tpan_control: false,\n\t\t\t\t\t\t\t\tshow_address: false,\n\t\t\t\t\t\t\t\tscale_control: false,\n\t\t\t\t\t\t\t\tscrollwheel: false,\n\t\t\t\t\t\t\t\tzoom: 16,\n\t\t\t\t\t\t\t\tzoom_control: false,\n\t\t\t\t\t\t\t});\n\t\t\t\t\t\t}\n\n\t\t\t\t\t\tgoogle.maps.event.addDomListener(window, 'load', fusion_run_map_fusion_map_69f6d6f28d2dc);\n\t\t\t\t\t<\/script>\n\t\t\t\t\t<div class=\"shortcode-map fusion-google-map fusion-maps-js-type\" style=\"--awb-height:380px;\" id=\"fusion_map_69f6d6f28d2dc\"><\/div><div class=\"fusion-clearfix\"><\/div><\/div><\/div><\/div><\/div><div class=\"fusion-fullwidth fullwidth-box fusion-builder-row-3 nonhundred-percent-fullwidth non-hundred-percent-height-scrolling\" style=\"--awb-border-radius-top-left:0px;--awb-border-radius-top-right:0px;--awb-border-radius-bottom-right:0px;--awb-border-radius-bottom-left:0px;--awb-padding-bottom:95px;--awb-background-color:#303030;--awb-flex-wrap:wrap;\" ><div class=\"fusion-builder-row fusion-row\"><div class=\"fusion-layout-column fusion_builder_column fusion-builder-column-5 fusion_builder_column_1_1 1_1 fusion-one-full fusion-column-first fusion-column-last\" style=\"--awb-bg-size:cover;\"><div class=\"fusion-column-wrapper fusion-flex-column-wrapper-legacy\"><div class=\"fusion-title title fusion-title-5 fusion-sep-none fusion-title-text fusion-title-size-one\" style=\"--awb-margin-bottom:12px;\"><h1 class=\"fusion-title-heading title-heading-left fusion-responsive-typography-calculated\" style=\"margin:0;--fontSize:36;line-height:1.2;\">Contact form<\/h1><\/div><div class=\"fusion-sep-clear\"><\/div><div class=\"fusion-separator fusion-full-width-sep\" style=\"margin-left: auto;margin-right: auto;margin-top:16px;width:100%;\"><\/div><div class=\"fusion-sep-clear\"><\/div><div class=\"fusion-text fusion-text-2\"><div id=\"iphorm-outer-69f6d6f28dea3\" class=\"iphorm-outer iphorm-outer-7 iphorm-uniform-theme-default iphorm-responsive\" >\n    <script type=\"text\/javascript\">\n        jQuery(document).ready(function($) {\n                        $('#iphorm-69f6d6f28dea3').iPhorm({\"id\":7,\"uniqueId\":\"69f6d6f28dea3\",\"useAjax\":true,\"successMessageTimeout\":10,\"resetFormValues\":\"\",\"clElementIds\":[],\"clDependentElementIds\":[],\"centerFancybox\":true,\"centerFancyboxSpeed\":true});\n                                    if ($.isFunction($.fn.uniform)) {\n                $('select, input:checkbox, input:radio', iPhorm.instance.$form).uniform({context: iPhorm.instance.$form, selectAutoWidth: false});\n            }\n                        if ($.isFunction($.fn.inFieldLabels)) {\n                $('.iphorm-labels-inside:not(.iphorm-element-wrap-recaptcha) > .iphorm-element-spacer > label', iPhorm.instance.$form).inFieldLabels();\n            }\n                        $('.iphorm-group-row > div:last-child:not(:first-child)', iPhorm.instance.$form).add('.iphorm-group-row:last-child', iPhorm.instance.$form).addClass('last-child');\n                    });\n    <\/script>\n    <form id=\"iphorm-69f6d6f28dea3\" class=\"iphorm iphorm-form-7\" action=\"\/en\/wp-json\/wp\/v2\/pages\/459#iphorm-69f6d6f28dea3\" method=\"post\" enctype=\"multipart\/form-data\" novalidate=\"novalidate\">\n        <div class=\"iphorm-inner iphorm-inner-7\" >\n            <input type=\"hidden\" name=\"iphorm_id\" value=\"7\" \/>\n            <input type=\"hidden\" name=\"iphorm_uid\" value=\"69f6d6f28dea3\" \/>\n            <input type=\"hidden\" name=\"form_url\" value=\"https:\/\/www.optimo-logistics.com\/en\/wp-json\/wp\/v2\/pages\/459\" \/>\n            <input type=\"hidden\" name=\"referring_url\" value=\"\" \/>\n            <input type=\"hidden\" name=\"post_id\" value=\"\" \/>\n            <input type=\"hidden\" name=\"post_title\" value=\"\" \/>\n                                                                        <div class=\"iphorm-success-message iphorm-hidden\" ><\/div>\n                                        <div class=\"iphorm-elements iphorm-elements-7 iphorm-clearfix\" >\n                <div class=\"iphorm-group-wrap iphorm_7_13-group-wrap iphorm-clearfix iphorm-labels-above iphorm-group-style-plain iphorm-group-alignment-proportional\" >\n    <div class=\"iphorm-group-elements\" >\n                <div class=\"iphorm-group-row iphorm-clearfix iphorm-group-row-2cols\"><div class=\"iphorm-group-wrap iphorm_7_2-group-wrap iphorm-clearfix iphorm-labels-above iphorm-group-style-plain iphorm-group-alignment-proportional\" >\n    <div class=\"iphorm-group-elements\" >\n                <div class=\"iphorm-group-row iphorm-clearfix iphorm-group-row-1cols\"><div class=\"iphorm-element-wrap iphorm-element-wrap-text iphorm_7_5-element-wrap iphorm-clearfix iphorm-labels-above iphorm-element-required\" >\n    <div class=\"iphorm-element-spacer iphorm-element-spacer-text iphorm_7_5-element-spacer\">\n        <label for=\"iphorm_7_5_69f6d6f28dea3\" class=\"iphorm_7_5-outer-label\" style='color: rgb(255, 255, 255);'>Name<span class=\"iphorm-required\">*<\/span><\/label>        <div class=\"iphorm-input-wrap iphorm-input-wrap-text iphorm_7_5-input-wrap\" >\n            <input class=\"iphorm-element-text  iphorm_7_5\" id=\"iphorm_7_5_69f6d6f28dea3\" type=\"text\" name=\"iphorm_7_5\"  value=\"\" style='background-color: rgb(255, 255, 255);color: rgb(0, 0, 0);' \/>\n                    <\/div>\n        <div class=\"iphorm-errors-wrap iphorm-hidden\" >\r\n    <\/div>    <\/div>\n    <\/div><\/div><div class=\"iphorm-group-row iphorm-clearfix iphorm-group-row-1cols\"><div class=\"iphorm-element-wrap iphorm-element-wrap-text iphorm_7_11-element-wrap iphorm-clearfix iphorm-labels-above iphorm-element-required\" >\n    <div class=\"iphorm-element-spacer iphorm-element-spacer-text iphorm_7_11-element-spacer\">\n        <label for=\"iphorm_7_11_69f6d6f28dea3\" class=\"iphorm_7_11-outer-label\" style='color: rgb(255, 255, 255);'>E-Mail<span class=\"iphorm-required\">*<\/span><\/label>        <div class=\"iphorm-input-wrap iphorm-input-wrap-text iphorm_7_11-input-wrap\" >\n            <input class=\"iphorm-element-text  iphorm_7_11\" id=\"iphorm_7_11_69f6d6f28dea3\" type=\"email\" name=\"iphorm_7_11\"  value=\"\" style='background-color: rgb(255, 255, 255);color: rgb(0, 0, 0);' \/>\n                    <\/div>\n        <div class=\"iphorm-errors-wrap iphorm-hidden\" >\r\n    <\/div>    <\/div>\n    <\/div><\/div><div class=\"iphorm-group-row iphorm-clearfix iphorm-group-row-1cols\"><div class=\"iphorm-element-wrap iphorm-element-wrap-text iphorm_7_7-element-wrap iphorm-clearfix iphorm-labels-above iphorm-element-optional\" >\n    <div class=\"iphorm-element-spacer iphorm-element-spacer-text iphorm_7_7-element-spacer\">\n        <label for=\"iphorm_7_7_69f6d6f28dea3\" class=\"iphorm_7_7-outer-label\" style='color: rgb(255, 255, 255);'>Phone<\/label>        <div class=\"iphorm-input-wrap iphorm-input-wrap-text iphorm_7_7-input-wrap\" >\n            <input class=\"iphorm-element-text  iphorm_7_7\" id=\"iphorm_7_7_69f6d6f28dea3\" type=\"text\" name=\"iphorm_7_7\"  value=\"\" style='background-color: rgb(255, 255, 255);color: rgb(0, 0, 0);' \/>\n                    <\/div>\n        <div class=\"iphorm-errors-wrap iphorm-hidden\" >\r\n    <\/div>    <\/div>\n    <\/div><\/div><div class=\"iphorm-group-row iphorm-clearfix iphorm-group-row-1cols\"><\/div><\/div><\/div><div class=\"iphorm-element-wrap iphorm-element-wrap-textarea iphorm_7_10-element-wrap iphorm-clearfix iphorm-labels-above iphorm-element-required\" >\n    <div class=\"iphorm-element-spacer iphorm-element-spacer-textarea iphorm_7_10-element-spacer\">\n        <label for=\"iphorm_7_10_69f6d6f28dea3\" class=\"iphorm_7_10-outer-label\" style='color: rgb(255, 255, 255);'>Message<span class=\"iphorm-required\">*<\/span><\/label>        <div class=\"iphorm-input-wrap iphorm-input-wrap-textarea iphorm_7_10-input-wrap\" >\n            <textarea class=\"iphorm-element-textarea  iphorm_7_10\" id=\"iphorm_7_10_69f6d6f28dea3\" name=\"iphorm_7_10\"  style='background-color: rgb(255, 255, 255);color: rgb(0, 0, 0);font-size: 18px;font-family: \"Open Sans\", Arial, Helvetica, sans-serif;width: 100%;height: 176px;' rows=\"5\" cols=\"25\"><\/textarea>\n                    <\/div>\n        <div class=\"iphorm-errors-wrap iphorm-hidden\" >\r\n    <\/div>    <\/div>\n    <\/div><\/div><div class=\"iphorm-group-row iphorm-clearfix iphorm-group-row-2cols\"><div class=\"iphorm-element-wrap iphorm-element-wrap-captcha iphorm_7_15-element-wrap iphorm-clearfix iphorm-labels-above iphorm-element-required\" >\r\n    <div class=\"iphorm-element-spacer iphorm-element-spacer-captcha iphorm_7_15-element-spacer\">\r\n        <label for=\"iphorm_7_15_69f6d6f28dea3\" class=\"iphorm_7_15-outer-label\" style='color: rgb(255, 255, 255);'>Please repeat the characters in the image below<span class=\"iphorm-required\">*<\/span><\/label>        <div class=\"iphorm-input-wrap iphorm-input-wrap-captcha iphorm_7_15-input-wrap\" >\r\n            <input class=\"iphorm-element-captcha  iphorm_7_15\" id=\"iphorm_7_15_69f6d6f28dea3\" type=\"text\" name=\"iphorm_7_15\"  value=\"\" style='background-color: rgb(255, 255, 255);color: rgb(0, 0, 0);' \/>\r\n                    <\/div>\r\n        <div class=\"iphorm-captcha-image-wrap iphorm-clearfix iphorm_7_15-captcha-image-wrap\" >\r\n            <div class=\"ifb-captcha-image-inner\">\r\n                <img decoding=\"async\" width=\"115\" height=\"40\" id=\"iphorm-captcha-image-iphorm_7_15_69f6d6f28dea3\" class=\"iphorm-captcha-image\" src=\"https:\/\/www.optimo-logistics.com\/wp-content\/plugins\/iphorm-form-builder\/includes\/captcha.php?c=eyJ1bmlxSWQiOiI2OWY2ZDZmMjhkZWEzIiwidG1wRGlyIjoiXC92YXJcL3d3d1wvY29tLm9wdGltby1sb2dpc3RpY3NcL2h0ZG9jc1wvd3AtY29udGVudFwvdXBsb2Fkc1wvIiwib3B0aW9ucyI6eyJsZW5ndGgiOiI1Iiwid2lkdGgiOiIxMTUiLCJoZWlnaHQiOiI0MCIsImJnQ29sb3VyIjoiI0ZGRkZGRiIsInRleHRDb2xvdXIiOiIjMjIyMjIyIiwiZm9udCI6IlR5cGlzdC50dGYiLCJtaW5Gb250U2l6ZSI6IjEyIiwibWF4Rm9udFNpemUiOiIxOSIsIm1pbkFuZ2xlIjoiMCIsIm1heEFuZ2xlIjoiMjAifX0%3D&amp;t=1777784562.5856\" alt=\"CAPTCHA\" \/>\r\n            <\/div>\r\n        <\/div>\r\n\r\n        <script type=\"text\/javascript\">\r\n        jQuery(document).ready(function ($) {\r\n            $('#iphorm-captcha-image-iphorm_7_15_69f6d6f28dea3').hover(function () {\r\n                $(this).stop().fadeTo('slow', '0.3');\r\n            }, function () {\r\n                $(this).stop().fadeTo('slow', '1.0');\r\n            }).click(function () {\r\n                var newSrc = $(this).attr('src').replace(\/&t=.+\/, '&t=' + new Date().getTime());\r\n                $(this).attr('src', newSrc);\r\n            });\r\n        });\r\n        <\/script>\r\n        <div class=\"iphorm-errors-wrap iphorm-hidden\" >\r\n    <\/div>    <\/div>\r\n<\/div><\/div><\/div><\/div><div class=\"iphorm-element-wrap iphorm-element-wrap-html iphorm_7_12-element-wrap iphorm-clearfix\">\n    <div class=\"iphorm-element-spacer iphorm-element-spacer-html iphorm_7_12-element-spacer\">\n        <span style=\"color: #ffffff;\">Please fill in all fields marked with <span style=\"color: #6dc5b3;\">*<\/span>.<\/span>    <\/div>\n<\/div>\n<div class=\"iphorm-hidden\">\n    <label>This field should be left blank<input type=\"text\" name=\"iphorm_7_0\" \/><\/label>\n<\/div>                <div class=\"iphorm-submit-wrap iphorm-submit-wrap-7 iphorm-clearfix\" >\n                    <div class=\"iphorm-submit-input-wrap iphorm-submit-input-wrap-7\" >\n                        <button class=\"iphorm-submit-element\" type=\"submit\" name=\"iphorm_submit\" ><span style='text-align: center !important;border-width: 0px;background: rgb(109, 197, 179);color: rgb(255, 255, 255);padding: 16px 40px 15px 40px;line-height: 22px;box-shadow: none;font-size: 22px;font-weight: bold;text-transform: uppercase !important;border-style: solid;border-radius: 0px;border-color: rgb(0, 0, 0);font-family: \"Open Sans\", Arial, Helvetica, sans-serif;'><em style='padding: 0px;text-shadow: 0px 0px !important;background: none;color: rgb(255, 255, 255);'>Send<\/em><\/span><\/button>\n                    <\/div>\n                    <div class=\"iphorm-loading-wrap\"><span class=\"iphorm-loading\">Please wait...<\/span><\/div>\n                <\/div>\n            <\/div>\n                                            <\/div>\n            <\/form>\n    <script type=\"text\/javascript\">\n    jQuery('#iphorm-outer-69f6d6f28dea3 script').remove();\n    <\/script>\n<\/div>\n<\/div><div class=\"fusion-clearfix\"><\/div><\/div><\/div><\/div><\/div><\/p>\n","protected":false},"excerpt":{"rendered":"","protected":false},"author":14,"featured_media":0,"parent":36,"menu_order":67,"comment_status":"closed","ping_status":"closed","template":"100-width.php","meta":{"ngg_post_thumbnail":0,"footnotes":""},"class_list":["post-459","page","type-page","status-publish","hentry"],"yoast_head":"<!-- This site is optimized with the Yoast SEO plugin v27.3 - https:\/\/yoast.com\/product\/yoast-seo-wordpress\/ -->\n<title>Contact - Optimo Logistics<\/title>\n<meta name=\"description\" content=\"Gerne empfangen wir Sie an einem unserer drei Standorte in Winterthur und Z\u00fcrich Oerlikon sowie Z\u00fcrich Hardbr\u00fccke.\" \/>\n<meta name=\"robots\" content=\"index, follow, max-snippet:-1, max-image-preview:large, max-video-preview:-1\" \/>\n<link rel=\"canonical\" href=\"https:\/\/www.optimo-logistics.com\/en\/ueber-uns\/kontakt\/\" \/>\n<meta property=\"og:locale\" content=\"en_US\" \/>\n<meta property=\"og:type\" content=\"article\" \/>\n<meta property=\"og:title\" content=\"Contact - Optimo Logistics\" \/>\n<meta property=\"og:description\" content=\"Gerne empfangen wir Sie an einem unserer drei Standorte in Winterthur und Z\u00fcrich Oerlikon sowie Z\u00fcrich Hardbr\u00fccke.\" \/>\n<meta property=\"og:url\" content=\"https:\/\/www.optimo-logistics.com\/en\/ueber-uns\/kontakt\/\" \/>\n<meta property=\"og:site_name\" content=\"Optimo Logistics\" \/>\n<meta property=\"article:publisher\" content=\"https:\/\/www.facebook.com\/datimoITS\/\" \/>\n<meta property=\"article:modified_time\" content=\"2024-01-25T13:58:49+00:00\" \/>\n<meta name=\"twitter:label1\" content=\"Est. reading time\" \/>\n\t<meta name=\"twitter:data1\" content=\"5 minutes\" \/>\n<script type=\"application\/ld+json\" class=\"yoast-schema-graph\">{\"@context\":\"https:\\\/\\\/schema.org\",\"@graph\":[{\"@type\":\"WebPage\",\"@id\":\"https:\\\/\\\/www.optimo-logistics.com\\\/en\\\/ueber-uns\\\/kontakt\\\/\",\"url\":\"https:\\\/\\\/www.optimo-logistics.com\\\/en\\\/ueber-uns\\\/kontakt\\\/\",\"name\":\"Contact - Optimo Logistics\",\"isPartOf\":{\"@id\":\"https:\\\/\\\/www.optimo-logistics.com\\\/#website\"},\"datePublished\":\"2016-11-02T15:05:35+00:00\",\"dateModified\":\"2024-01-25T13:58:49+00:00\",\"description\":\"Gerne empfangen wir Sie an einem unserer drei Standorte in Winterthur und Z\u00fcrich Oerlikon sowie Z\u00fcrich Hardbr\u00fccke.\",\"breadcrumb\":{\"@id\":\"https:\\\/\\\/www.optimo-logistics.com\\\/en\\\/ueber-uns\\\/kontakt\\\/#breadcrumb\"},\"inLanguage\":\"en-US\",\"potentialAction\":[{\"@type\":\"ReadAction\",\"target\":[\"https:\\\/\\\/www.optimo-logistics.com\\\/en\\\/ueber-uns\\\/kontakt\\\/\"]}]},{\"@type\":\"BreadcrumbList\",\"@id\":\"https:\\\/\\\/www.optimo-logistics.com\\\/en\\\/ueber-uns\\\/kontakt\\\/#breadcrumb\",\"itemListElement\":[{\"@type\":\"ListItem\",\"position\":1,\"name\":\"Startseite\",\"item\":\"https:\\\/\\\/www.optimo-logistics.com\\\/en\\\/\"},{\"@type\":\"ListItem\",\"position\":2,\"name\":\"About us\",\"item\":\"https:\\\/\\\/www.optimo-logistics.com\\\/en\\\/ueber-uns\\\/\"},{\"@type\":\"ListItem\",\"position\":3,\"name\":\"Contact\"}]},{\"@type\":\"WebSite\",\"@id\":\"https:\\\/\\\/www.optimo-logistics.com\\\/#website\",\"url\":\"https:\\\/\\\/www.optimo-logistics.com\\\/\",\"name\":\"Optimo Logistics\",\"description\":\"Die Kraft der Bewegung\",\"potentialAction\":[{\"@type\":\"SearchAction\",\"target\":{\"@type\":\"EntryPoint\",\"urlTemplate\":\"https:\\\/\\\/www.optimo-logistics.com\\\/?s={search_term_string}\"},\"query-input\":{\"@type\":\"PropertyValueSpecification\",\"valueRequired\":true,\"valueName\":\"search_term_string\"}}],\"inLanguage\":\"en-US\"}]}<\/script>\n<!-- \/ Yoast SEO plugin. -->","yoast_head_json":{"title":"Contact - Optimo Logistics","description":"Gerne empfangen wir Sie an einem unserer drei Standorte in Winterthur und Z\u00fcrich Oerlikon sowie Z\u00fcrich Hardbr\u00fccke.","robots":{"index":"index","follow":"follow","max-snippet":"max-snippet:-1","max-image-preview":"max-image-preview:large","max-video-preview":"max-video-preview:-1"},"canonical":"https:\/\/www.optimo-logistics.com\/en\/ueber-uns\/kontakt\/","og_locale":"en_US","og_type":"article","og_title":"Contact - Optimo Logistics","og_description":"Gerne empfangen wir Sie an einem unserer drei Standorte in Winterthur und Z\u00fcrich Oerlikon sowie Z\u00fcrich Hardbr\u00fccke.","og_url":"https:\/\/www.optimo-logistics.com\/en\/ueber-uns\/kontakt\/","og_site_name":"Optimo Logistics","article_publisher":"https:\/\/www.facebook.com\/datimoITS\/","article_modified_time":"2024-01-25T13:58:49+00:00","twitter_misc":{"Est. reading time":"5 minutes"},"schema":{"@context":"https:\/\/schema.org","@graph":[{"@type":"WebPage","@id":"https:\/\/www.optimo-logistics.com\/en\/ueber-uns\/kontakt\/","url":"https:\/\/www.optimo-logistics.com\/en\/ueber-uns\/kontakt\/","name":"Contact - Optimo Logistics","isPartOf":{"@id":"https:\/\/www.optimo-logistics.com\/#website"},"datePublished":"2016-11-02T15:05:35+00:00","dateModified":"2024-01-25T13:58:49+00:00","description":"Gerne empfangen wir Sie an einem unserer drei Standorte in Winterthur und Z\u00fcrich Oerlikon sowie Z\u00fcrich Hardbr\u00fccke.","breadcrumb":{"@id":"https:\/\/www.optimo-logistics.com\/en\/ueber-uns\/kontakt\/#breadcrumb"},"inLanguage":"en-US","potentialAction":[{"@type":"ReadAction","target":["https:\/\/www.optimo-logistics.com\/en\/ueber-uns\/kontakt\/"]}]},{"@type":"BreadcrumbList","@id":"https:\/\/www.optimo-logistics.com\/en\/ueber-uns\/kontakt\/#breadcrumb","itemListElement":[{"@type":"ListItem","position":1,"name":"Startseite","item":"https:\/\/www.optimo-logistics.com\/en\/"},{"@type":"ListItem","position":2,"name":"About us","item":"https:\/\/www.optimo-logistics.com\/en\/ueber-uns\/"},{"@type":"ListItem","position":3,"name":"Contact"}]},{"@type":"WebSite","@id":"https:\/\/www.optimo-logistics.com\/#website","url":"https:\/\/www.optimo-logistics.com\/","name":"Optimo Logistics","description":"Die Kraft der Bewegung","potentialAction":[{"@type":"SearchAction","target":{"@type":"EntryPoint","urlTemplate":"https:\/\/www.optimo-logistics.com\/?s={search_term_string}"},"query-input":{"@type":"PropertyValueSpecification","valueRequired":true,"valueName":"search_term_string"}}],"inLanguage":"en-US"}]}},"_links":{"self":[{"href":"https:\/\/www.optimo-logistics.com\/en\/wp-json\/wp\/v2\/pages\/459","targetHints":{"allow":["GET"]}}],"collection":[{"href":"https:\/\/www.optimo-logistics.com\/en\/wp-json\/wp\/v2\/pages"}],"about":[{"href":"https:\/\/www.optimo-logistics.com\/en\/wp-json\/wp\/v2\/types\/page"}],"author":[{"embeddable":true,"href":"https:\/\/www.optimo-logistics.com\/en\/wp-json\/wp\/v2\/users\/14"}],"replies":[{"embeddable":true,"href":"https:\/\/www.optimo-logistics.com\/en\/wp-json\/wp\/v2\/comments?post=459"}],"version-history":[{"count":48,"href":"https:\/\/www.optimo-logistics.com\/en\/wp-json\/wp\/v2\/pages\/459\/revisions"}],"predecessor-version":[{"id":6713,"href":"https:\/\/www.optimo-logistics.com\/en\/wp-json\/wp\/v2\/pages\/459\/revisions\/6713"}],"up":[{"embeddable":true,"href":"https:\/\/www.optimo-logistics.com\/en\/wp-json\/wp\/v2\/pages\/36"}],"wp:attachment":[{"href":"https:\/\/www.optimo-logistics.com\/en\/wp-json\/wp\/v2\/media?parent=459"}],"curies":[{"name":"wp","href":"https:\/\/api.w.org\/{rel}","templated":true}]}}