{"id":1574,"date":"2016-11-28T15:19:11","date_gmt":"2016-11-28T14:19:11","guid":{"rendered":"https:\/\/www.optimo-logistics.com\/en\/impressum\/"},"modified":"2024-02-09T15:38:13","modified_gmt":"2024-02-09T14:38:13","slug":"impressum-2","status":"publish","type":"page","link":"https:\/\/www.optimo-logistics.com\/en\/impressum-2\/","title":{"rendered":"Impressum"},"content":{"rendered":"<div class=\"fusion-fullwidth fullwidth-box fusion-builder-row-1 nonhundred-percent-fullwidth non-hundred-percent-height-scrolling\" style=\"--awb-border-radius-top-left:0px;--awb-border-radius-top-right:0px;--awb-border-radius-bottom-right:0px;--awb-border-radius-bottom-left:0px;--awb-padding-top:20px;--awb-padding-bottom:20px;--awb-background-color:#ffffff;--awb-flex-wrap:wrap;\" ><div class=\"fusion-builder-row fusion-row\"><div class=\"fusion-layout-column fusion_builder_column fusion-builder-column-0 fusion_builder_column_1_1 1_1 fusion-one-full fusion-column-first fusion-column-last\" style=\"--awb-bg-size:cover;--awb-margin-top:27px;--awb-margin-bottom:0px;\"><div class=\"fusion-column-wrapper fusion-flex-column-wrapper-legacy\"><div class=\"fusion-title title fusion-title-1 fusion-sep-none fusion-title-text fusion-title-size-one\"><h1 class=\"fusion-title-heading title-heading-left fusion-responsive-typography-calculated\" style=\"margin:0;--fontSize:36;line-height:1.2;\">Impressum<\/h1><\/div><div class=\"fusion-sep-clear\"><\/div><div class=\"fusion-separator fusion-full-width-sep\" style=\"margin-left: auto;margin-right: auto;margin-top:20px;width:100%;\"><\/div><div class=\"fusion-sep-clear\"><\/div><div class=\"fusion-clearfix\"><\/div><\/div><\/div><div class=\"fusion-layout-column fusion_builder_column fusion-builder-column-1 fusion_builder_column_1_2 1_2 fusion-one-half fusion-column-first\" style=\"--awb-bg-size:cover;width:50%;width:calc(50% - ( ( 4% ) * 0.5 ) );margin-right: 4%;\"><div class=\"fusion-column-wrapper fusion-flex-column-wrapper-legacy\"><div class=\"fusion-text fusion-text-1\"><h3>VERANTWORTLICH<br \/>\nF\u00dcR DEN INHALT<br \/>\nDER WEBSEITE<\/h3>\n<p><strong>&nbsp;<\/strong><\/p>\n<p><strong>Kontaktadresse:<\/strong><strong><br \/>\n<\/strong>Optimo Logistics<br \/>\nOptimo Service AG<br \/>\nFranz-Burckhardt-Strasse 11<br \/>\n8404 Winterthur<br \/>\n+41 52 262 25 25<br \/>\n<a href=\"mailto:info@optimo-logistics.com\">info@optimo-logistics.com<\/a><\/p>\n<p>UID:&nbsp;&nbsp;&nbsp;&nbsp;&nbsp;&nbsp;&nbsp;&nbsp;&nbsp;&nbsp;&nbsp; &nbsp;&nbsp;&nbsp;&nbsp;&nbsp;&nbsp;&nbsp;&nbsp;&nbsp; CHE-113.712.501<br \/>\nHandelsreg. Nr.&nbsp; CH-020.3.031.187-4<br \/>\nRechtsform:&nbsp;&nbsp;&nbsp;&nbsp;&nbsp;&nbsp;&nbsp;&nbsp; Aktiengesellschaft<\/p>\n<\/div><div class=\"fusion-clearfix\"><\/div><\/div><\/div><div class=\"fusion-layout-column fusion_builder_column fusion-builder-column-2 fusion_builder_column_1_2 1_2 fusion-one-half fusion-column-last\" style=\"--awb-bg-size:cover;width:50%;width:calc(50% - ( ( 4% ) * 0.5 ) );\"><div class=\"fusion-column-wrapper fusion-flex-column-wrapper-legacy\"><div class=\"fusion-text fusion-text-2\"><h3>KONZEPTION, DESIGN UND TECHNISCHE UMSETZUNG DER WEBSEITE<\/h3>\n<p><strong><br \/>\nDACHCOM.CH AG<\/strong><br \/>\n<strong>Communication LSA<\/strong><br \/>\nLagerplatz 21<br \/>\nCH-8400 Winterthur<br \/>\nT +41 52 245 06 60<br \/>\n<a href=\"mailto:info@dachcom.ch\">info@dachcom.ch<\/a><\/p>\n<\/div><div class=\"fusion-clearfix\"><\/div><\/div><\/div><div class=\"fusion-layout-column fusion_builder_column fusion-builder-column-3 fusion_builder_column_1_1 1_1 fusion-one-full fusion-column-first fusion-column-last\" style=\"--awb-bg-size:cover;\"><div class=\"fusion-column-wrapper fusion-flex-column-wrapper-legacy\"><div class=\"fusion-text fusion-text-3\"><p><strong>Zust\u00e4ndige Person:<\/strong> Dominik Uhlmann<br \/>\nBitte verwenden Sie das Kontaktformular f\u00fcr Anfragen aller Art.<\/p>\n<p><strong>Rechtliche Information<br \/>\n<\/strong>S\u00e4mtliche Informationen, Dokumente oder anderen Angaben auf den Webseiten der obgenannten Firma unterliegen den nachfolgenden Bestimmungen.<\/p>\n<p><strong>Haftungsausschluss<br \/>\n<\/strong>Die obgenannte Firma \u00fcbernimmt keinerlei Gew\u00e4hr hinsichtlich der inhaltlichen Richtigkeit, Genauigkeit, Aktualit\u00e4t, Zuverl\u00e4ssigkeit und Vollst\u00e4ndigkeit der Informationen sowie die vom Kunden \u00fcbermittelte Daten. Haftungsanspr\u00fcche gegen den Autor wegen Sch\u00e4den materieller oder immaterieller Art, welche aus dem Zugriff oder der Nutzung bzw. Nichtnutzung der ver\u00f6ffentlichten Informationen, durch Missbrauch der Verbindung oder durch technische St\u00f6rungen entstanden sind, werden ausgeschlossen. Alle Angebote sind unverbindlich. Der Autor beh\u00e4lt es sich ausdr\u00fccklich vor, Teile der Seiten oder das gesamte Angebot ohne gesonderte Ank\u00fcndigung zu ver\u00e4ndern, zu erg\u00e4nzen, zu l\u00f6schen oder die Ver\u00f6ffentlichung zeitweise oder endg\u00fcltig einzustellen.<\/p>\n<p><strong>Haftung f\u00fcr Links<\/strong><br \/>\nEs ist m\u00f6glich, mit Links \u00fcber diese Website zu anderen Internetsites zu gelangen welche nicht vom Autor unterhalten werden. Solche externen Internet-Adressen enthalten Informationen, die von Organisationen und nat\u00fcrlichen oder juristischen Personen, die von der der obgenannten Firma rechtlich unabh\u00e4ngig sind, geschaffen, ver\u00f6ffentlicht, unterhalten oder anderweitig zur Verf\u00fcgung gestellt werden. Die obgenannte Firma ist weder f\u00fcr den Inhalt dieser Sites verantwortlich, noch billigt, unterst\u00fctzt oder best\u00e4tigt sie Informationen, die auf externen Sites oder darin aufgef\u00fchrten verlinkten Adressen enthalten sind.<\/p>\n<p><strong>Urheberrechte<\/strong><br \/>\nDie Urheber- und alle anderen Rechte an Inhalten, Bildern, Fotos oder anderen Dateien auf der Website geh\u00f6ren ausschliesslich der oben genannten Firma\/Person oder den speziell genannten Rechtsinhabern. F\u00fcr die Reproduktion jeglicher Elemente ist die schriftliche Zustimmung der Urheberrechtstr\u00e4ger im Voraus einzuholen.<\/p>\n<\/div><div class=\"fusion-clearfix\"><\/div><\/div><\/div><\/div><\/div>\n","protected":false},"excerpt":{"rendered":"","protected":false},"author":14,"featured_media":0,"parent":0,"menu_order":39,"comment_status":"closed","ping_status":"closed","template":"100-width.php","meta":{"ngg_post_thumbnail":0,"footnotes":""},"class_list":["post-1574","page","type-page","status-publish","hentry"],"yoast_head":"<!-- This site is optimized with the Yoast SEO plugin v27.0 - https:\/\/yoast.com\/product\/yoast-seo-wordpress\/ -->\n<title>Impressum - Optimo Logistics<\/title>\n<meta name=\"robots\" content=\"index, follow, max-snippet:-1, max-image-preview:large, max-video-preview:-1\" \/>\n<link rel=\"canonical\" href=\"https:\/\/www.optimo-logistics.com\/en\/impressum-2\/\" \/>\n<meta property=\"og:locale\" content=\"en_US\" \/>\n<meta property=\"og:type\" content=\"article\" \/>\n<meta property=\"og:title\" content=\"Impressum - Optimo Logistics\" \/>\n<meta property=\"og:url\" content=\"https:\/\/www.optimo-logistics.com\/en\/impressum-2\/\" \/>\n<meta property=\"og:site_name\" content=\"Optimo Logistics\" \/>\n<meta property=\"article:publisher\" content=\"https:\/\/www.facebook.com\/datimoITS\/\" \/>\n<meta property=\"article:modified_time\" content=\"2024-02-09T14:38:13+00:00\" \/>\n<meta name=\"twitter:label1\" content=\"Est. reading time\" \/>\n\t<meta name=\"twitter:data1\" content=\"4 minutes\" \/>\n<script type=\"application\/ld+json\" class=\"yoast-schema-graph\">{\"@context\":\"https:\/\/schema.org\",\"@graph\":[{\"@type\":\"WebPage\",\"@id\":\"https:\/\/www.optimo-logistics.com\/en\/impressum-2\/\",\"url\":\"https:\/\/www.optimo-logistics.com\/en\/impressum-2\/\",\"name\":\"Impressum - Optimo Logistics\",\"isPartOf\":{\"@id\":\"https:\/\/www.optimo-logistics.com\/#website\"},\"datePublished\":\"2016-11-28T14:19:11+00:00\",\"dateModified\":\"2024-02-09T14:38:13+00:00\",\"breadcrumb\":{\"@id\":\"https:\/\/www.optimo-logistics.com\/en\/impressum-2\/#breadcrumb\"},\"inLanguage\":\"en-US\",\"potentialAction\":[{\"@type\":\"ReadAction\",\"target\":[\"https:\/\/www.optimo-logistics.com\/en\/impressum-2\/\"]}]},{\"@type\":\"BreadcrumbList\",\"@id\":\"https:\/\/www.optimo-logistics.com\/en\/impressum-2\/#breadcrumb\",\"itemListElement\":[{\"@type\":\"ListItem\",\"position\":1,\"name\":\"Startseite\",\"item\":\"https:\/\/www.optimo-logistics.com\/en\/\"},{\"@type\":\"ListItem\",\"position\":2,\"name\":\"Impressum\"}]},{\"@type\":\"WebSite\",\"@id\":\"https:\/\/www.optimo-logistics.com\/#website\",\"url\":\"https:\/\/www.optimo-logistics.com\/\",\"name\":\"Optimo Logistics\",\"description\":\"Die Kraft der Bewegung\",\"potentialAction\":[{\"@type\":\"SearchAction\",\"target\":{\"@type\":\"EntryPoint\",\"urlTemplate\":\"https:\/\/www.optimo-logistics.com\/?s={search_term_string}\"},\"query-input\":{\"@type\":\"PropertyValueSpecification\",\"valueRequired\":true,\"valueName\":\"search_term_string\"}}],\"inLanguage\":\"en-US\"}]}<\/script>\n<!-- \/ Yoast SEO plugin. -->","yoast_head_json":{"title":"Impressum - Optimo Logistics","robots":{"index":"index","follow":"follow","max-snippet":"max-snippet:-1","max-image-preview":"max-image-preview:large","max-video-preview":"max-video-preview:-1"},"canonical":"https:\/\/www.optimo-logistics.com\/en\/impressum-2\/","og_locale":"en_US","og_type":"article","og_title":"Impressum - Optimo Logistics","og_url":"https:\/\/www.optimo-logistics.com\/en\/impressum-2\/","og_site_name":"Optimo Logistics","article_publisher":"https:\/\/www.facebook.com\/datimoITS\/","article_modified_time":"2024-02-09T14:38:13+00:00","twitter_misc":{"Est. reading time":"4 minutes"},"schema":{"@context":"https:\/\/schema.org","@graph":[{"@type":"WebPage","@id":"https:\/\/www.optimo-logistics.com\/en\/impressum-2\/","url":"https:\/\/www.optimo-logistics.com\/en\/impressum-2\/","name":"Impressum - Optimo Logistics","isPartOf":{"@id":"https:\/\/www.optimo-logistics.com\/#website"},"datePublished":"2016-11-28T14:19:11+00:00","dateModified":"2024-02-09T14:38:13+00:00","breadcrumb":{"@id":"https:\/\/www.optimo-logistics.com\/en\/impressum-2\/#breadcrumb"},"inLanguage":"en-US","potentialAction":[{"@type":"ReadAction","target":["https:\/\/www.optimo-logistics.com\/en\/impressum-2\/"]}]},{"@type":"BreadcrumbList","@id":"https:\/\/www.optimo-logistics.com\/en\/impressum-2\/#breadcrumb","itemListElement":[{"@type":"ListItem","position":1,"name":"Startseite","item":"https:\/\/www.optimo-logistics.com\/en\/"},{"@type":"ListItem","position":2,"name":"Impressum"}]},{"@type":"WebSite","@id":"https:\/\/www.optimo-logistics.com\/#website","url":"https:\/\/www.optimo-logistics.com\/","name":"Optimo Logistics","description":"Die Kraft der Bewegung","potentialAction":[{"@type":"SearchAction","target":{"@type":"EntryPoint","urlTemplate":"https:\/\/www.optimo-logistics.com\/?s={search_term_string}"},"query-input":{"@type":"PropertyValueSpecification","valueRequired":true,"valueName":"search_term_string"}}],"inLanguage":"en-US"}]}},"_links":{"self":[{"href":"https:\/\/www.optimo-logistics.com\/en\/wp-json\/wp\/v2\/pages\/1574","targetHints":{"allow":["GET"]}}],"collection":[{"href":"https:\/\/www.optimo-logistics.com\/en\/wp-json\/wp\/v2\/pages"}],"about":[{"href":"https:\/\/www.optimo-logistics.com\/en\/wp-json\/wp\/v2\/types\/page"}],"author":[{"embeddable":true,"href":"https:\/\/www.optimo-logistics.com\/en\/wp-json\/wp\/v2\/users\/14"}],"replies":[{"embeddable":true,"href":"https:\/\/www.optimo-logistics.com\/en\/wp-json\/wp\/v2\/comments?post=1574"}],"version-history":[{"count":15,"href":"https:\/\/www.optimo-logistics.com\/en\/wp-json\/wp\/v2\/pages\/1574\/revisions"}],"predecessor-version":[{"id":6722,"href":"https:\/\/www.optimo-logistics.com\/en\/wp-json\/wp\/v2\/pages\/1574\/revisions\/6722"}],"wp:attachment":[{"href":"https:\/\/www.optimo-logistics.com\/en\/wp-json\/wp\/v2\/media?parent=1574"}],"curies":[{"name":"wp","href":"https:\/\/api.w.org\/{rel}","templated":true}]}}